{"id":2,"date":"2020-11-04T15:57:12","date_gmt":"2020-11-04T14:57:12","guid":{"rendered":"http:\/\/www.molenechos.org\/molenzorg2\/?page_id=2"},"modified":"2022-06-19T17:08:16","modified_gmt":"2022-06-19T15:08:16","slug":"vereniging","status":"publish","type":"page","link":"https:\/\/www.molenechos.org\/molenzorg\/","title":{"rendered":"vereniging"},"content":{"rendered":"<h1>Molenzorg Vlaanderen vzw<\/h1>\n<h4>Vereniging voor molenbehoud en molenstudie in Vlaanderen<\/h4>\n<p>De vereniging Molenzorg Vlaanderen vzw, met een uitgebreid netwerk molenvrienden, legt zich toe op het behoud van de wind- en watermolens in Vlaanderen. Een eerste bedoeling is de sensibilisering van de bevolking voor ons kwijnend molenpatrimoinum.<br \/>\nDe vereniging onderhandelt met moleneigenaars (priv\u00e9-personen en openbare besturen) om restauraties te bepleiten. Ze ijvert om herstelde molens opnieuw te laten draaien en malen. In 1976 organiseerde Molenzorg Vlaanderen vzw het eerste examen voor het behalen van het diploma van vrijwillige molenaar.<\/p>\n<p>Molenzorg Vlaanderen vzw geeft viermaal per jaar het tijdschrift Molenecho&#8217;s uit. Hierin wordt naast actueel molennieuws (verval, restauraties) veel aandacht gewijd aan molenstudie. Met de wetenschappelijke benaming &#8216;molinologie&#8217; wil men de nadruk leggen op de verschillende invalshoeken van waaruit men molens kan bestuderen.<br \/>\nDe molinologie onderzoekt en verzamelt over de hand-, ros-, water- en windmolens alle gegevens over terminologie, technologie, ecologie, economie, geschiedenis, recht, enz. Naast de gewone, gevarieerde nummers komen ook uitgebreide themanummers voor.<br \/>\nZo kwamen al aan bod: de Vlaamse poldermolens (1984), volmolens (1987), oliemolens (1990), verplaatste staakmolens (1992), molensagen (1993), molenmakers (1994), een tweede aflevering i.v.m. oliemolens (1995), een nummer gewijd aan de molens van het Oude Land van Edingen (1996), tredmolens (2002), scheepsmolens (2003), familieboek Vlaamse molenaars (2019), West-Vlaamse molens en molenaars in veelvoudig perspectief (2022).<\/p>\n<p>De maatschappelijke zetel van Molenzorg Vlaanderen vzw is gevestigd in het molenmuseum van Sint-Amands (provincie Antwerpen). Het abonnement op het tijdschrift Molenecho&#8217;s is gekoppeld met het lidmaadschap van Molenzorg Vlaanderen vzw.<\/p>\n<p>Men kan Molenzorg Vlaanderen vzw contacteren via:<\/p>\n<p>Lieven Denewet (voorzitter, eindredacteur):<br \/>\n<a href=\"mailto:denewet.molens@pandora.be\">denewet.molens@telenet.be<\/a><br \/>\nTel: +32 (0)51 20 37 78<br \/>\nBruggestraat 74, B-8830 Hooglede<\/p>\n<p><a href=\"#top\"><img loading=\"lazy\" decoding=\"async\" src=\"http:\/\/www.molenechos.org\/images\/top.gif\" alt=\"\" width=\"16\" height=\"12\" border=\"0\" \/><\/a><\/p>\n<div id=\"frans\"><b>Sommaire<\/b><a name=\"frans\"><\/a>L&#8217;association Molenzorg asbl se<br \/>\nconsacre au maintien des moulins \u00e0 vent et \u00e0<br \/>\neau en Flandre. Son premier dessein fut de sensibiliser<br \/>\nla population au nombre toujours plus restreint de moulins.<br \/>\nL&#8217;association n\u00e9gocie avec les propri\u00e9taires<br \/>\nde moulins et plaide pour la restauration. Elle milite<br \/>\npour que les moulins restaur\u00e9s soient de nouveau<br \/>\ncapables de tourner et de moudre. En 1976 Molenzorg<br \/>\nasbl organisa le premier examen en vue de l&#8217;obtention<br \/>\ndu dipl\u00f4me de meunier b\u00e9n\u00e9vole.Molenzorg asbl \u00e9dite quatre fois par an la revue<br \/>\nMolenecho&#8217;s (en n\u00e9erlandais).<a href=\"#top\"><img loading=\"lazy\" decoding=\"async\" src=\"http:\/\/www.molenechos.org\/images\/top.gif\" alt=\"\" width=\"16\" height=\"12\" border=\"0\" \/><\/a><\/div>\n<p><!-- einde frans --><\/p>\n<div id=\"engels\"><b>Summary<\/b><a name=\"engels\"><\/a>The association Molenzorg Vlaanderen vzw is engaged in the preservation of the wind- and watermills in Flanders. The first intention is the sensibilisation of people for our threatened mills. The association negociates with mill owners in order to urge the necessity of restoration, and it promotes that the restored mills should be operating again. In 1976 Molenzorg organised the first examination in order to obtain the certificate of voluntary miller.<br \/>\nThe association also publishes four times a year the periodical Molenecho&#8217;s (in Dutch).<a href=\"#top\"><img loading=\"lazy\" decoding=\"async\" src=\"http:\/\/www.molenechos.org\/images\/top.gif\" alt=\"\" width=\"16\" height=\"12\" border=\"0\" \/><\/a><\/div>\n<p><!-- einde engels --><\/p>\n<div class=\"tekstdeel\"><b>Contacten molenverenigingen en Vlaamse Overheid<\/b><\/div>\n<div class=\"tekstdeel\">Tussen de molenverenigingen en de offici\u00eble Vlaamse monumentendienst bestaan al vele goede en vruchtbare contacten. Het Vlaamse model van molenzorg heeft de laatste jaren een groot aantal aan gerestaureerde molens opgeleverd. Zonder dit systeem waren deze bijzondere werktuigen van ons cultureel erfgoed voor ons nageslacht verloren gegaan.<br \/>\nIn het Vlaamse systeem van molenzorg verzorgt de overheid de wettelijke bescherming van de monumenten en maakt zij middelen vrij om de molens te kunnen herstellen, de verenigingen verzorgen inhoudelijk de restauratiedossiers en leiden vrijwillige molenaars op die dienen in te staan voor de goede conditie van de aan hen toevertrouwde molens, door ze te laten draaien en door het regelmatig uitvoeren van klein onderhoud. Ook verstrekken ze uitleg over de werking aan de vele bezoekers.<\/div>\n","protected":false},"excerpt":{"rendered":"Molenzorg Vlaanderen vzw Vereniging voor molenbehoud en molenstudie in Vlaanderen De vereniging Molenzorg Vlaanderen vzw, met een uitgebreid netwerk molenvrienden, legt zich toe op het behoud van de wind- en watermolens in Vlaanderen. Een eerste bedoeling is de sensibilisering van de bevolking voor ons kwijnend molenpatrimoinum. De vereniging onderhandelt met moleneigenaars (priv\u00e9-personen en openbare besturen)&#8230; <a class=\"view-article\" href=\"https:\/\/www.molenechos.org\/molenzorg\/\">Bekijk Artikel<\/a>","protected":false},"author":1,"featured_media":0,"parent":0,"menu_order":0,"comment_status":"closed","ping_status":"open","template":"","meta":{"footnotes":""},"class_list":["post-2","page","type-page","status-publish","hentry"],"_links":{"self":[{"href":"https:\/\/www.molenechos.org\/molenzorg\/wp-json\/wp\/v2\/pages\/2","targetHints":{"allow":["GET"]}}],"collection":[{"href":"https:\/\/www.molenechos.org\/molenzorg\/wp-json\/wp\/v2\/pages"}],"about":[{"href":"https:\/\/www.molenechos.org\/molenzorg\/wp-json\/wp\/v2\/types\/page"}],"author":[{"embeddable":true,"href":"https:\/\/www.molenechos.org\/molenzorg\/wp-json\/wp\/v2\/users\/1"}],"replies":[{"embeddable":true,"href":"https:\/\/www.molenechos.org\/molenzorg\/wp-json\/wp\/v2\/comments?post=2"}],"version-history":[{"count":10,"href":"https:\/\/www.molenechos.org\/molenzorg\/wp-json\/wp\/v2\/pages\/2\/revisions"}],"predecessor-version":[{"id":117,"href":"https:\/\/www.molenechos.org\/molenzorg\/wp-json\/wp\/v2\/pages\/2\/revisions\/117"}],"wp:attachment":[{"href":"https:\/\/www.molenechos.org\/molenzorg\/wp-json\/wp\/v2\/media?parent=2"}],"curies":[{"name":"wp","href":"https:\/\/api.w.org\/{rel}","templated":true}]}}