{"id":24,"date":"2017-09-18T17:15:56","date_gmt":"2017-09-18T15:15:56","guid":{"rendered":"http:\/\/www.molenechos.org\/molenzorg2\/?page_id=24"},"modified":"2021-10-12T17:28:33","modified_gmt":"2021-10-12T15:28:33","slug":"links","status":"publish","type":"page","link":"https:\/\/www.molenechos.org\/molenzorg\/links\/","title":{"rendered":"links"},"content":{"rendered":"<h1>Links<\/h1>\n<p><strong>VLAANDEREN<\/strong><\/p>\n<p>Samenwerkingsverband Vlaamse molenorganisaties <\/p>\n<p>Molenzorg Vlaanderen vzw werkte actief mee aan de vorming van het Molenforum Vlaanderen, een samenwerkingsverband van Vlaamse molenorganisaties. <\/p>\n<p>Molenforum Vlaanderen vzw<br \/>\n                          <a href=\"http:\/\/www.molenforumvlaanderen.be\" target=\"_blank\" rel=\"noopener noreferrer\">www.molenforumvlaanderen.be<\/a><\/p>\n<p>Ecopower cvba<br \/>\n                          <a href=\"http:\/\/www.ecopower.be\" target=\"_blank\" rel=\"noopener noreferrer\">www.ecopower.be<\/a><\/p>\n<p>Hertboommolenmuseum vzw<br \/>\n                          <a href=\"http:\/\/www.hertboommolenmuseum.be\" target=\"_blank\" rel=\"noopener noreferrer\">www.hertboommolenmuseum.be<\/a><\/p>\n<p>Koepel Molens Vlaams-Brabant fv<br \/>\n                          <a href=\"http:\/\/www.molensvlaamsbrabant.be\/\" target=\"_blank\" rel=\"noopener noreferrer\">www.molensvlaamsbrabant.be<\/a><\/p>\n<p>Levende Molens Noord-Limburg vzw<br \/>\n                          <a href=\"http:\/\/users.skynet.be\/levendemolenslimburg\">users.skynet.be\/levendemolenslimburg<\/a><\/p>\n<p>Oost-Vlaamse Molens vzw<br \/>\n                          <a href=\"http:\/\/www.vlaamsemolens.com\" target=\"_blank\" rel=\"noopener noreferrer\">www.vlaamsemolens.com<\/a><\/p>\n<p>MOLA &#8211; Provinciaal Molencentrum<br \/>\n                          <a href=\"http:\/\/www.oost-vlaanderen.be\/public\/cultuur_vrijetijd\/cultuur\/erfgoed_monumenten\/molens\/mola\/index.cfm\" target=\"_blank\" rel=\"noopener noreferrer\">www.oost-vlaanderen.be<\/a><\/p>\n<p>Molenforum<br \/>\n                          <a href=\"http:\/\/www.molenforum.be\" target=\"_blank\" rel=\"noopener noreferrer\">www.molenforum.be<\/a><\/p>\n<p>Molen van Rotselaar vzw<br \/>\n                          <a href=\"http:\/\/www.ecopower.be\" target=\"_blank\" rel=\"noopener noreferrer\">www.ecopower.be<\/a><\/p>\n<p>Molenwacht<br \/>\n                          <a href=\"http:\/\/www.molenwacht.be\" target=\"_blank\" rel=\"noopener noreferrer\">www.molenwacht.be<\/a><\/p>\n<p>Molenzorg Vlaanderen vzw<br \/>\n                          <a href=\"http:\/\/www.molenechos.org\" target=\"_blank\" rel=\"noopener noreferrer\">www.molenechos.org<\/a><\/p>\n<p>Museum voor de Oudere Technieken &#8211; Grimbergen<br \/>\n                          <a href=\"http:\/\/www.mot.be\" target=\"_blank\" rel=\"noopener noreferrer\">www.mot.be<\/a><\/p>\n<p>Windmolen Hertboom vzw<br \/>\n                          <a href=\"http:\/\/www.windmolen.be\" target=\"_blank\" rel=\"noopener noreferrer\">www.windmolen.be<\/a><\/p>\n<p>Voor de lokale molenverenigingen verwijzen we naar de molenpagina&#8217;s op onze database &#8216;Belgisch Molenbestand&#8217;.<\/p>\n<p> Startpagina molens <br \/>\n                          <a href=\"http:\/\/www.molen.startpagina.be\" target=\"_blank\" rel=\"noopener noreferrer\">www.molen.startpagina.be<\/a><\/p>\n<\/p>\n<p><strong><br \/>\n                          WALLONIE<\/strong><\/p>\n<p>Amis des Moulins Wallonie-Bruxelles asbl<br \/>\n                          <a href=\"http:\/\/www.users.skynet.be\/moulins\" target=\"_blank\" rel=\"noopener noreferrer\">www.users.skynet.be\/moulins<\/a><\/p>\n<p><strong> <br \/>\n                        <\/strong><strong>INTERNATIONAAL<\/strong><\/p>\n<p>The International Molinological Society (TIMS)<br \/>\n                          <a href=\"http:\/\/www.molinology.org\" target=\"_blank\" rel=\"noopener noreferrer\">www.molinology.org<\/a><\/p>\n<p>TIMS Nederland en Vlaanderen<br \/>\n                          <a href=\"http:\/\/www.molenkunde.eu\/\" target=\"_blank\" rel=\"noopener noreferrer\">www.molenkunde.eu<\/a><\/p>\n<p>\n                          <strong>ONZE BUURLANDEN<\/strong><\/p>\n<p><strong>DUITSLAND<\/strong><\/p>\n<p>Deutsche Gesellschaft f\u00fcr M\u00fchlenkunde und M\u00fchlenerhaltung (DGM)<br \/>\n                          <a href=\"http:\/\/www.muehlen-dgm-ev.de\" target=\"_blank\" rel=\"noopener noreferrer\">www.muehlen-dgm-ev.de<\/a><\/p>\n<p>Deutsche-Muehlen.de &#8211; Komplette Sammlung aller Deutschen Windm\u00fchlen und Wasserm\u00fchlen<strong><a href=\"http:\/\/www.deutsche-muehlen.de\" target=\"_blank\" rel=\"noopener noreferrer\"><br \/>\n                        <\/a><\/strong><a href=\"http:\/\/www.deutsche-muehlen.de\" target=\"_blank\" rel=\"noopener noreferrer\">www.deutsche-muehlen.de<\/a> <\/p>\n<p>\n                          <strong>FRANKRIJK<\/strong><\/p>\n<p> <img decoding=\"async\" src=\"http:\/\/www.molenechos.org\/images\/logo_fdmf.jpg\" alt=\"\" align=\"left\" width=\"100\">Federation des moulins de France (FDMF)<\/p>\n<p><a href=\"http:\/\/www.fdmf.fr\" target=\"_blank\" rel=\"noopener noreferrer\">www.fdmf.fr<\/a><\/p>\n<p>\n                        <strong> <\/strong><\/p>\n<p>Federation Fran\u00e7aise des Associations de sauvegarde des Moulins (FFAM)<br \/>\n                          <a href=\"http:\/\/www.moulinsdefrance.org\" target=\"_blank\" rel=\"noopener noreferrer\">www.moulinsdefrance.org<\/a><\/p>\n<p>Database Franse windmolens<br \/>\n                          <a href=\"http:\/\/www.moulins-a-vent.net\" target=\"_blank\" rel=\"noopener noreferrer\">www.moulins-a-vent.net<\/a><\/p>\n<p>Molens in Frans-Vlaanderen<br \/>\n                          <a href=\"http:\/\/www.molensfransvlaanderen.org\" target=\"_blank\" rel=\"noopener noreferrer\">www.molensfransvlaanderen.org<\/a><\/p>\n<p>\n                          <strong>GROOT-BRITTANNI\u00cb<\/strong><\/p>\n<p> Society for the Protection of Ancient Buidings (SPAB) | Mills Section<br \/>\n                          <a href=\"http:\/\/www.spab.org.uk\/html\/spab-mills\" target=\"_blank\" rel=\"noopener noreferrer\">www.spab.org.uk\/html\/spab-mills<\/a><\/p>\n<p>UKMills &#8211; For all Wind and Water Mills of the UK<br \/>\n                          <a href=\"http:\/\/www.ukmills.com\" target=\"_blank\" rel=\"noopener noreferrer\">www.ukmills.com<\/a><\/p>\n<p>Windmills at Windmill World<br \/>\n                          <a href=\"http:\/\/www.windmillworld.com\" target=\"_blank\" rel=\"noopener noreferrer\">www.windmillworld.com<\/a><\/p>\n<p>\n                          <strong>GROOT-HERTOGDOM LUXEMBURG<\/strong><\/p>\n<p>The History of Industry of Luxembourg<br \/>\n                          <a href=\"http:\/\/www.industrie.lu\/millen\" target=\"_blank\" rel=\"noopener noreferrer\">www.industrie.lu\/millen<\/a><\/p>\n<p>\n                          <strong>NEDERLAND<\/strong><\/p>\n<p> Vereniging De Hollandsche Molen<br \/>\n                          <a href=\"http:\/\/www.molens.nl\" target=\"_blank\" rel=\"noopener noreferrer\">www.molens.nl<\/a><\/p>\n<p>Molen educatief &#8211; Educatieve website over molens<br \/>\n                          <a href=\"http:\/\/www.moleneducatief.nl\" target=\"_blank\" rel=\"noopener noreferrer\">www.moleneducatief.nl<\/a><\/p>\n<p>Alle molens . nl<br \/>\n                          <a href=\"http:\/\/www.allemolens.nl\" target=\"_blank\" rel=\"noopener noreferrer\">www.allemolens.nl<\/a><\/p>\n<p>Molendagen<br \/>\n                          <a href=\"http:\/\/www.molendagen.nl\" target=\"_blank\" rel=\"noopener noreferrer\">www.molendagen.nl<\/a><\/p>\n<p>Het Gilde van Vrijwillige Molenaars<br \/>\n                          <a href=\"http:\/\/www.vrijwilligemolenaars.nl\" target=\"_blank\" rel=\"noopener noreferrer\">www.vrijwilligemolenaars.nl<\/a><\/p>\n<p>Ambachtelijk Korenmolenaarsgilde (AKG)<br \/>\n                          <a href=\"http:\/\/www.molenaarsgilde.nl\" target=\"_blank\" rel=\"noopener noreferrer\">www.molenaarsgilde.n<\/a><strong><a href=\"http:\/\/www.molenaarsgilde.nl\" target=\"_blank\" rel=\"noopener noreferrer\">l<\/a><\/strong><\/p>\n<p>Stichting Levende Molens<br \/>\n                          <a href=\"http:\/\/users.skynet.be\/molencentrum\">users.skynet.be\/molencentrum<\/a><\/p>\n<p>Startpagina molens<br \/>\n                          <a href=\"http:\/\/www.molen.pagina.nl\" target=\"_blank\" rel=\"noopener noreferrer\">www.molen.pagina.nl<\/a><\/p>\n<p>Startpagina molens<br \/>\n                          <a href=\"http:\/\/molens.uwpagina.nl\" target=\"_blank\" rel=\"noopener noreferrer\">molens.uwpagina.nl<\/a><\/p>\n<p>Industriemolens<br \/>\n                          <a href=\"http:\/\/www.industriemolens.nl\" target=\"_blank\" rel=\"noopener noreferrer\">www.industriemolens.n<\/a><strong><a href=\"http:\/\/www.industriemolens.nl\" target=\"_blank\" rel=\"noopener noreferrer\">l<\/a><\/strong><\/p>\n<p><a href=\"#top\"><img loading=\"lazy\" decoding=\"async\" src=\"https:\/\/molenechos.org\/images\/top.gif\" alt=\"\" width=\"16\" height=\"12\" border=\"0\" \/><\/a><\/p>\n","protected":false},"excerpt":{"rendered":"Links VLAANDEREN Samenwerkingsverband Vlaamse molenorganisaties Molenzorg Vlaanderen vzw werkte actief mee aan de vorming van het Molenforum Vlaanderen, een samenwerkingsverband van Vlaamse molenorganisaties. Molenforum Vlaanderen vzw www.molenforumvlaanderen.be Ecopower cvba www.ecopower.be Hertboommolenmuseum vzw www.hertboommolenmuseum.be Koepel Molens Vlaams-Brabant fv www.molensvlaamsbrabant.be Levende Molens Noord-Limburg vzw users.skynet.be\/levendemolenslimburg Oost-Vlaamse Molens vzw www.vlaamsemolens.com MOLA &#8211; Provinciaal Molencentrum www.oost-vlaanderen.be Molenforum www.molenforum.be Molen&#8230; <a class=\"view-article\" href=\"https:\/\/www.molenechos.org\/molenzorg\/links\/\">Bekijk Artikel<\/a>","protected":false},"author":1,"featured_media":0,"parent":0,"menu_order":10,"comment_status":"closed","ping_status":"closed","template":"","meta":{"footnotes":""},"class_list":["post-24","page","type-page","status-publish","hentry"],"_links":{"self":[{"href":"https:\/\/www.molenechos.org\/molenzorg\/wp-json\/wp\/v2\/pages\/24","targetHints":{"allow":["GET"]}}],"collection":[{"href":"https:\/\/www.molenechos.org\/molenzorg\/wp-json\/wp\/v2\/pages"}],"about":[{"href":"https:\/\/www.molenechos.org\/molenzorg\/wp-json\/wp\/v2\/types\/page"}],"author":[{"embeddable":true,"href":"https:\/\/www.molenechos.org\/molenzorg\/wp-json\/wp\/v2\/users\/1"}],"replies":[{"embeddable":true,"href":"https:\/\/www.molenechos.org\/molenzorg\/wp-json\/wp\/v2\/comments?post=24"}],"version-history":[{"count":5,"href":"https:\/\/www.molenechos.org\/molenzorg\/wp-json\/wp\/v2\/pages\/24\/revisions"}],"predecessor-version":[{"id":107,"href":"https:\/\/www.molenechos.org\/molenzorg\/wp-json\/wp\/v2\/pages\/24\/revisions\/107"}],"wp:attachment":[{"href":"https:\/\/www.molenechos.org\/molenzorg\/wp-json\/wp\/v2\/media?parent=24"}],"curies":[{"name":"wp","href":"https:\/\/api.w.org\/{rel}","templated":true}]}}